{"id":147,"date":"2011-06-27T16:45:43","date_gmt":"2011-06-27T15:45:43","guid":{"rendered":"https:\/\/www.freelance.de\/blog\/?page_id=147"},"modified":"2018-09-21T16:10:38","modified_gmt":"2018-09-21T14:10:38","slug":"gastautor-werden","status":"publish","type":"page","link":"https:\/\/www.freelance.de\/blog\/gastautor-werden\/","title":{"rendered":"Gastautor werden"},"content":{"rendered":"<p>Die Artikel in der Kategorie <a title=\"Alle Community-Artikel\" href=\"https:\/\/www.freelance.de\/blog\/category\/community\/\">Community<\/a> entstehen meist in Zusammenarbeit mit Freiberuflern und Projektanbietern, die auf Freelance.de registriert sind. Wenn auch Sie sich an einem Artikel beteiligen wollen, k\u00f6nnen Sie das gerne tun.<\/p>\n<p>In der Regel f\u00fchren wir dann ein schriftliches Kurzinterview mit Ihnen, das nicht l\u00e4nger als 30 Minuten dauert. Aus den Informationen, die Sie uns dabei zukommen lassen, schreibt einer unserer Mitarbeiter den Artikel. Vor der Ver\u00f6ffentlichung des Artikels schicken wir Ihnen den Text noch einmal zur Autorisierung zu. Wird er von Ihnen freigegeben, erscheint er dann im Freelance.de Blog.<\/p>\n<p>Hier finden Sie eine \u00dcbersicht \u00fcber die Themen, zu denen wir derzeit weiteren Input suchen:<\/p>\n<p><strong>Thema #1: Was macht eigentlich&#8230;?<\/strong><\/p>\n<p>Freiberufliche T\u00e4tigkeiten sind so vielf\u00e4ltig, da fragt man sich manchmal: Wie sieht eigentlich der Arbeitsalltag von diesem Freelancer aus? Was genau macht ein SAP-Berater, eine Illustratorin oder ein <a title=\"Was macht eigentlich ein Mathematikdienstleister?\" href=\"https:\/\/www.freelance.de\/blog\/2011\/06\/was-macht-eigentlich-ein-mathematikdienstleister\/\">Mathematikdienstleister<\/a>? Um das herauszufinden, widmen wir spannenden, au\u00dfergew\u00f6hnlichen, interessanten Berufen eine eigene Artikelreihe. Und wer k\u00f6nnte besser von einem Beruf erz\u00e4hlen als diejenigen, die ihn aus\u00fcben? Wollen Sie uns Einblicke in Ihren beruflichen Alltag gew\u00e4hren?<\/p>\n<p><strong>Thema #2: Akquise kreativ<\/strong><\/p>\n<p>Um einen besonderen Auftrag zu angeln oder bei einem ganz speziellen Kunden einen bleibenden, positiven Eindruck zu hinterlassen, gehen Freiberufler manchmal au\u00dfergew\u00f6hnliche Wege. Sie pr\u00e4sentieren sich auf eine einzigartige Art und Weise, pitchen ihr Konzept anders als es die Anderen tun, w\u00e4hlen eine freche Kundenansprache oder lassen sich etwas v\u00f6llig Verr\u00fccktes einfallen, um den Kunden f\u00fcr sich zu gewinnen. Haben Sie so etwas schon mal gemacht? Oder kennen Sie jemanden, der so etwas mal erfolgreich, mal weniger erfolgreich durchgezogen hat?<\/p>\n<p><strong>Thema #3: Der erste Kontakt<\/strong><\/p>\n<p>Manchmal verlaufen Erstgespr\u00e4che mit Kunden v\u00f6llig nach Plan: rein, raus, Auftrag in der Tasche. Das ist ziemlich effektiv. Hin und wieder kommt es aber vor, dass solche Gespr\u00e4che \u00e4u\u00dferst merkw\u00fcrdig werden, weil etwas Ungew\u00f6hnliches passiert, jemand von einem Fettn\u00e4pfchen ins n\u00e4chste tappt oder es zu urkomischen Missverst\u00e4ndnissen kommt. Gab es bei Ihnen bereits \u00e4u\u00dferst spannende, skurrile oder auch lustige Kundengespr\u00e4che, die Sie nie mehr vergessen werden?<\/p>\n<p>Wenn Sie sich an einem Artikel zu einem dieser Themen beteiligen wollen, <a href=\"https:\/\/www.freelance.de\/blog\/uber-den-freelance-de-blog\/\">nehmen Sie mit uns Kontakt auf<\/a>. F\u00fcr weitere Themenvorschl\u00e4ge sind wir nat\u00fcrlich auch zu haben. Machen Sie uns einfach einen Vorschlag.<\/p>\n<div style='text-align:center' class='yasr-auto-insert-visitor'><\/div>","protected":false},"excerpt":{"rendered":"<p>Die Artikel in der Kategorie Community entstehen meist in Zusammenarbeit mit Freiberuflern und Projektanbietern, die auf Freelance.de registriert sind. Wenn auch Sie sich an&hellip;<\/p>\n","protected":false},"author":5,"featured_media":0,"parent":0,"menu_order":0,"comment_status":"open","ping_status":"open","template":"","meta":{"yasr_overall_rating":0,"yasr_post_is_review":"","yasr_auto_insert_disabled":"","yasr_review_type":"","footnotes":""},"class_list":["post-147","page","type-page","status-publish","hentry","no-margin"],"acf":[],"yasr_visitor_votes":{"stars_attributes":{"read_only":false,"span_bottom":false},"number_of_votes":0,"sum_votes":0},"yoast_head":"<!-- This site is optimized with the Yoast SEO plugin v26.8 - https:\/\/yoast.com\/product\/yoast-seo-wordpress\/ -->\n<title>Gastautor werden - freelance.de Blog<\/title>\n<meta name=\"robots\" content=\"index, follow, max-snippet:-1, max-image-preview:large, max-video-preview:-1\" \/>\n<link rel=\"canonical\" href=\"https:\/\/www.freelance.de\/blog\/gastautor-werden\/\" \/>\n<meta property=\"og:locale\" content=\"de_DE\" \/>\n<meta property=\"og:type\" content=\"article\" \/>\n<meta property=\"og:title\" content=\"Gastautor werden - freelance.de Blog\" \/>\n<meta property=\"og:description\" content=\"Die Artikel in der Kategorie Community entstehen meist in Zusammenarbeit mit Freiberuflern und Projektanbietern, die auf Freelance.de registriert sind. Wenn auch Sie sich an&hellip;\" \/>\n<meta property=\"og:url\" content=\"https:\/\/www.freelance.de\/blog\/gastautor-werden\/\" \/>\n<meta property=\"og:site_name\" content=\"freelance.de Blog\" \/>\n<meta property=\"article:publisher\" content=\"http:\/\/www.facebook.com\/Freelance.de\" \/>\n<meta property=\"article:modified_time\" content=\"2018-09-21T14:10:38+00:00\" \/>\n<meta name=\"twitter:card\" content=\"summary_large_image\" \/>\n<meta name=\"twitter:site\" content=\"@freelanceDE\" \/>\n<meta name=\"twitter:label1\" content=\"Gesch\u00e4tzte Lesezeit\" \/>\n\t<meta name=\"twitter:data1\" content=\"2\u00a0Minuten\" \/>\n<script type=\"application\/ld+json\" class=\"yoast-schema-graph\">{\"@context\":\"https:\/\/schema.org\",\"@graph\":[{\"@type\":\"WebPage\",\"@id\":\"https:\/\/www.freelance.de\/blog\/gastautor-werden\/\",\"url\":\"https:\/\/www.freelance.de\/blog\/gastautor-werden\/\",\"name\":\"Gastautor werden - freelance.de Blog\",\"isPartOf\":{\"@id\":\"https:\/\/www.freelance.de\/blog\/#website\"},\"datePublished\":\"2011-06-27T15:45:43+00:00\",\"dateModified\":\"2018-09-21T14:10:38+00:00\",\"breadcrumb\":{\"@id\":\"https:\/\/www.freelance.de\/blog\/gastautor-werden\/#breadcrumb\"},\"inLanguage\":\"de\",\"potentialAction\":[{\"@type\":\"ReadAction\",\"target\":[\"https:\/\/www.freelance.de\/blog\/gastautor-werden\/\"]}]},{\"@type\":\"BreadcrumbList\",\"@id\":\"https:\/\/www.freelance.de\/blog\/gastautor-werden\/#breadcrumb\",\"itemListElement\":[{\"@type\":\"ListItem\",\"position\":1,\"name\":\"Home\",\"item\":\"https:\/\/www.freelance.de\/blog\/\"},{\"@type\":\"ListItem\",\"position\":2,\"name\":\"Gastautor werden\"}]},{\"@type\":\"WebSite\",\"@id\":\"https:\/\/www.freelance.de\/blog\/#website\",\"url\":\"https:\/\/www.freelance.de\/blog\/\",\"name\":\"freelance.de Blog\",\"description\":\"Alles zum Thema Freelancing\",\"publisher\":{\"@id\":\"https:\/\/www.freelance.de\/blog\/#organization\"},\"potentialAction\":[{\"@type\":\"SearchAction\",\"target\":{\"@type\":\"EntryPoint\",\"urlTemplate\":\"https:\/\/www.freelance.de\/blog\/?s={search_term_string}\"},\"query-input\":{\"@type\":\"PropertyValueSpecification\",\"valueRequired\":true,\"valueName\":\"search_term_string\"}}],\"inLanguage\":\"de\"},{\"@type\":\"Organization\",\"@id\":\"https:\/\/www.freelance.de\/blog\/#organization\",\"name\":\"freelance.de\",\"alternateName\":\"freelance.de\",\"url\":\"https:\/\/www.freelance.de\/blog\/\",\"logo\":{\"@type\":\"ImageObject\",\"inLanguage\":\"de\",\"@id\":\"https:\/\/www.freelance.de\/blog\/#\/schema\/logo\/image\/\",\"url\":\"https:\/\/www.freelance.de\/blog\/wp-content\/uploads\/2023\/03\/230315_freelance-de_BLOGLOGO.png\",\"contentUrl\":\"https:\/\/www.freelance.de\/blog\/wp-content\/uploads\/2023\/03\/230315_freelance-de_BLOGLOGO.png\",\"width\":1746,\"height\":411,\"caption\":\"freelance.de\"},\"image\":{\"@id\":\"https:\/\/www.freelance.de\/blog\/#\/schema\/logo\/image\/\"},\"sameAs\":[\"http:\/\/www.facebook.com\/Freelance.de\",\"https:\/\/x.com\/freelanceDE\"]},false]}<\/script>\n<!-- \/ Yoast SEO plugin. -->","yoast_head_json":{"title":"Gastautor werden - freelance.de Blog","robots":{"index":"index","follow":"follow","max-snippet":"max-snippet:-1","max-image-preview":"max-image-preview:large","max-video-preview":"max-video-preview:-1"},"canonical":"https:\/\/www.freelance.de\/blog\/gastautor-werden\/","og_locale":"de_DE","og_type":"article","og_title":"Gastautor werden - freelance.de Blog","og_description":"Die Artikel in der Kategorie Community entstehen meist in Zusammenarbeit mit Freiberuflern und Projektanbietern, die auf Freelance.de registriert sind. Wenn auch Sie sich an&hellip;","og_url":"https:\/\/www.freelance.de\/blog\/gastautor-werden\/","og_site_name":"freelance.de Blog","article_publisher":"http:\/\/www.facebook.com\/Freelance.de","article_modified_time":"2018-09-21T14:10:38+00:00","twitter_card":"summary_large_image","twitter_site":"@freelanceDE","twitter_misc":{"Gesch\u00e4tzte Lesezeit":"2\u00a0Minuten"},"schema":{"@context":"https:\/\/schema.org","@graph":[{"@type":"WebPage","@id":"https:\/\/www.freelance.de\/blog\/gastautor-werden\/","url":"https:\/\/www.freelance.de\/blog\/gastautor-werden\/","name":"Gastautor werden - freelance.de Blog","isPartOf":{"@id":"https:\/\/www.freelance.de\/blog\/#website"},"datePublished":"2011-06-27T15:45:43+00:00","dateModified":"2018-09-21T14:10:38+00:00","breadcrumb":{"@id":"https:\/\/www.freelance.de\/blog\/gastautor-werden\/#breadcrumb"},"inLanguage":"de","potentialAction":[{"@type":"ReadAction","target":["https:\/\/www.freelance.de\/blog\/gastautor-werden\/"]}]},{"@type":"BreadcrumbList","@id":"https:\/\/www.freelance.de\/blog\/gastautor-werden\/#breadcrumb","itemListElement":[{"@type":"ListItem","position":1,"name":"Home","item":"https:\/\/www.freelance.de\/blog\/"},{"@type":"ListItem","position":2,"name":"Gastautor werden"}]},{"@type":"WebSite","@id":"https:\/\/www.freelance.de\/blog\/#website","url":"https:\/\/www.freelance.de\/blog\/","name":"freelance.de Blog","description":"Alles zum Thema Freelancing","publisher":{"@id":"https:\/\/www.freelance.de\/blog\/#organization"},"potentialAction":[{"@type":"SearchAction","target":{"@type":"EntryPoint","urlTemplate":"https:\/\/www.freelance.de\/blog\/?s={search_term_string}"},"query-input":{"@type":"PropertyValueSpecification","valueRequired":true,"valueName":"search_term_string"}}],"inLanguage":"de"},{"@type":"Organization","@id":"https:\/\/www.freelance.de\/blog\/#organization","name":"freelance.de","alternateName":"freelance.de","url":"https:\/\/www.freelance.de\/blog\/","logo":{"@type":"ImageObject","inLanguage":"de","@id":"https:\/\/www.freelance.de\/blog\/#\/schema\/logo\/image\/","url":"https:\/\/www.freelance.de\/blog\/wp-content\/uploads\/2023\/03\/230315_freelance-de_BLOGLOGO.png","contentUrl":"https:\/\/www.freelance.de\/blog\/wp-content\/uploads\/2023\/03\/230315_freelance-de_BLOGLOGO.png","width":1746,"height":411,"caption":"freelance.de"},"image":{"@id":"https:\/\/www.freelance.de\/blog\/#\/schema\/logo\/image\/"},"sameAs":["http:\/\/www.facebook.com\/Freelance.de","https:\/\/x.com\/freelanceDE"]},false]}},"_links":{"self":[{"href":"https:\/\/www.freelance.de\/blog\/wp-json\/wp\/v2\/pages\/147","targetHints":{"allow":["GET"]}}],"collection":[{"href":"https:\/\/www.freelance.de\/blog\/wp-json\/wp\/v2\/pages"}],"about":[{"href":"https:\/\/www.freelance.de\/blog\/wp-json\/wp\/v2\/types\/page"}],"author":[{"embeddable":true,"href":"https:\/\/www.freelance.de\/blog\/wp-json\/wp\/v2\/users\/5"}],"replies":[{"embeddable":true,"href":"https:\/\/www.freelance.de\/blog\/wp-json\/wp\/v2\/comments?post=147"}],"version-history":[{"count":1,"href":"https:\/\/www.freelance.de\/blog\/wp-json\/wp\/v2\/pages\/147\/revisions"}],"predecessor-version":[{"id":12605,"href":"https:\/\/www.freelance.de\/blog\/wp-json\/wp\/v2\/pages\/147\/revisions\/12605"}],"wp:attachment":[{"href":"https:\/\/www.freelance.de\/blog\/wp-json\/wp\/v2\/media?parent=147"}],"curies":[{"name":"wp","href":"https:\/\/api.w.org\/{rel}","templated":true}]}}